{"id":10,"date":"2022-03-28T14:19:52","date_gmt":"2022-03-28T12:19:52","guid":{"rendered":"https:\/\/themes.muffingroup.com\/be\/language4_el\/?page_id=10"},"modified":"2023-02-16T11:00:52","modified_gmt":"2023-02-16T10:00:52","slug":"legalbot","status":"publish","type":"page","link":"https:\/\/pyxans.com\/index.php\/legalbot\/","title":{"rendered":"Legalbot"},"content":{"rendered":"\t\t<div data-elementor-type=\"wp-page\" data-elementor-id=\"10\" class=\"elementor elementor-10\">\n\t\t\t\t\t\t\t\t\t<section class=\"elementor-section elementor-top-section elementor-element elementor-element-3c0d221 elementor-section-stretched elementor-section-boxed elementor-section-height-default elementor-section-height-default\" data-id=\"3c0d221\" data-element_type=\"section\" data-settings=\"{&quot;stretch_section&quot;:&quot;section-stretched&quot;}\">\n\t\t\t\t\t\t<div class=\"elementor-container elementor-column-gap-wider\">\n\t\t\t\t\t<div class=\"elementor-column elementor-col-100 elementor-top-column elementor-element elementor-element-26d094b\" data-id=\"26d094b\" data-element_type=\"column\" data-settings=\"{&quot;background_background&quot;:&quot;classic&quot;}\">\n\t\t\t<div class=\"elementor-widget-wrap elementor-element-populated\">\n\t\t\t\t\t\t\t\t<div class=\"elementor-element elementor-element-7d59e10 elementor-widget elementor-widget-image\" data-id=\"7d59e10\" data-element_type=\"widget\" data-widget_type=\"image.default\">\n\t\t\t\t<div class=\"elementor-widget-container\">\n\t\t\t<style>\/*! elementor - v3.11.0 - 13-02-2023 *\/\n.elementor-widget-image{text-align:center}.elementor-widget-image a{display:inline-block}.elementor-widget-image a img[src$=\".svg\"]{width:48px}.elementor-widget-image img{vertical-align:middle;display:inline-block}<\/style>\t\t\t\t\t\t\t\t\t\t\t\t<img decoding=\"async\" src=\"https:\/\/pyxans.com\/wp-content\/uploads\/2023\/02\/LOGO-PYXANS-LEGALBOT-COLOR.png\" title=\"LOGO PYXANS LEGALBOT COLOR\" alt=\"LOGO PYXANS LEGALBOT COLOR\" loading=\"lazy\" \/>\t\t\t\t\t\t\t\t\t\t\t\t\t\t\t<\/div>\n\t\t\t\t<\/div>\n\t\t\t\t<div class=\"elementor-element elementor-element-08eac4b elementor-widget elementor-widget-heading\" data-id=\"08eac4b\" data-element_type=\"widget\" data-widget_type=\"heading.default\">\n\t\t\t\t<div class=\"elementor-widget-container\">\n\t\t\t<style>\/*! elementor - v3.11.0 - 13-02-2023 *\/\n.elementor-heading-title{padding:0;margin:0;line-height:1}.elementor-widget-heading .elementor-heading-title[class*=elementor-size-]>a{color:inherit;font-size:inherit;line-height:inherit}.elementor-widget-heading .elementor-heading-title.elementor-size-small{font-size:15px}.elementor-widget-heading .elementor-heading-title.elementor-size-medium{font-size:19px}.elementor-widget-heading .elementor-heading-title.elementor-size-large{font-size:29px}.elementor-widget-heading .elementor-heading-title.elementor-size-xl{font-size:39px}.elementor-widget-heading .elementor-heading-title.elementor-size-xxl{font-size:59px}<\/style><h2 class=\"elementor-heading-title elementor-size-default\">\ud83d\udea8 Coming soon \ud83d\udea8<\/h2>\t\t<\/div>\n\t\t\t\t<\/div>\n\t\t\t\t\t<\/div>\n\t\t<\/div>\n\t\t\t\t\t\t\t<\/div>\n\t\t<\/section>\n\t\t\t\t<section class=\"elementor-section elementor-top-section elementor-element elementor-element-9ffd196 elementor-section-boxed elementor-section-height-default elementor-section-height-default\" data-id=\"9ffd196\" data-element_type=\"section\">\n\t\t\t\t\t\t<div class=\"elementor-container elementor-column-gap-default\">\n\t\t\t\t\t<div class=\"elementor-column elementor-col-100 elementor-top-column elementor-element elementor-element-d282681\" data-id=\"d282681\" data-element_type=\"column\">\n\t\t\t<div class=\"elementor-widget-wrap elementor-element-populated\">\n\t\t\t\t\t\t\t\t<div class=\"elementor-element elementor-element-e066ec9 elementor-widget elementor-widget-spacer\" data-id=\"e066ec9\" data-element_type=\"widget\" data-widget_type=\"spacer.default\">\n\t\t\t\t<div class=\"elementor-widget-container\">\n\t\t\t<style>\/*! elementor - v3.11.0 - 13-02-2023 *\/\n.elementor-column .elementor-spacer-inner{height:var(--spacer-size)}.e-con{--container-widget-width:100%}.e-con-inner>.elementor-widget-spacer,.e-con>.elementor-widget-spacer{width:var(--container-widget-width,var(--spacer-size));--align-self:var(--container-widget-align-self,initial);--flex-shrink:0}.e-con-inner>.elementor-widget-spacer>.elementor-widget-container,.e-con-inner>.elementor-widget-spacer>.elementor-widget-container>.elementor-spacer,.e-con>.elementor-widget-spacer>.elementor-widget-container,.e-con>.elementor-widget-spacer>.elementor-widget-container>.elementor-spacer{height:100%}.e-con-inner>.elementor-widget-spacer>.elementor-widget-container>.elementor-spacer>.elementor-spacer-inner,.e-con>.elementor-widget-spacer>.elementor-widget-container>.elementor-spacer>.elementor-spacer-inner{height:var(--container-widget-height,var(--spacer-size))}<\/style>\t\t<div class=\"elementor-spacer\">\n\t\t\t<div class=\"elementor-spacer-inner\"><\/div>\n\t\t<\/div>\n\t\t\t\t<\/div>\n\t\t\t\t<\/div>\n\t\t\t\t\t<\/div>\n\t\t<\/div>\n\t\t\t\t\t\t\t<\/div>\n\t\t<\/section>\n\t\t\t\t<section class=\"elementor-section elementor-top-section elementor-element elementor-element-14aabc26 elementor-section-content-middle elementor-section-boxed elementor-section-height-default elementor-section-height-default\" data-id=\"14aabc26\" data-element_type=\"section\" data-settings=\"{&quot;background_background&quot;:&quot;classic&quot;}\">\n\t\t\t\t\t\t<div class=\"elementor-container elementor-column-gap-no\">\n\t\t\t\t\t<div class=\"elementor-column elementor-col-50 elementor-top-column elementor-element elementor-element-72d1e22c\" data-id=\"72d1e22c\" data-element_type=\"column\">\n\t\t\t<div class=\"elementor-widget-wrap elementor-element-populated\">\n\t\t\t\t\t\t\t\t<div class=\"elementor-element elementor-element-3e88a0b1 elementor-widget elementor-widget-heading\" data-id=\"3e88a0b1\" data-element_type=\"widget\" data-widget_type=\"heading.default\">\n\t\t\t\t<div class=\"elementor-widget-container\">\n\t\t\t<h1 class=\"elementor-heading-title elementor-size-default\">Un petit clic vaut mieux qu\u2019une grande claque ! <\/h1>\t\t<\/div>\n\t\t\t\t<\/div>\n\t\t\t\t<div class=\"elementor-element elementor-element-11a9e8d2 elementor-widget elementor-widget-text-editor\" data-id=\"11a9e8d2\" data-element_type=\"widget\" data-widget_type=\"text-editor.default\">\n\t\t\t\t<div class=\"elementor-widget-container\">\n\t\t\t<style>\/*! elementor - v3.11.0 - 13-02-2023 *\/\n.elementor-widget-text-editor.elementor-drop-cap-view-stacked .elementor-drop-cap{background-color:#818a91;color:#fff}.elementor-widget-text-editor.elementor-drop-cap-view-framed .elementor-drop-cap{color:#818a91;border:3px solid;background-color:transparent}.elementor-widget-text-editor:not(.elementor-drop-cap-view-default) .elementor-drop-cap{margin-top:8px}.elementor-widget-text-editor:not(.elementor-drop-cap-view-default) .elementor-drop-cap-letter{width:1em;height:1em}.elementor-widget-text-editor .elementor-drop-cap{float:left;text-align:center;line-height:1;font-size:50px}.elementor-widget-text-editor .elementor-drop-cap-letter{display:inline-block}<\/style>\t\t\t\t<p>Avec le Legalbot Pyxans, vous anticipez les probl\u00e9matiques regulatory d\u00e8s l\u2019amor\u00e7age de votre projet.<\/p><p>Chez Pyxans, on aime les sujets IA mais ici, ChatGPT et ses cong\u00e9n\u00e8res n\u2019interviennent pas. 100 % des diagnostics et des m\u00e9canismes du Legalbot ont \u00e9t\u00e9 \u00e9crits et d\u00e9velopp\u00e9s par nos avocats.<\/p>\t\t\t\t\t\t<\/div>\n\t\t\t\t<\/div>\n\t\t\t\t<div class=\"elementor-element elementor-element-9d91f02 elementor-align-center animated-slow elementor-invisible elementor-widget elementor-widget-button\" data-id=\"9d91f02\" data-element_type=\"widget\" data-settings=\"{&quot;_animation&quot;:&quot;fadeIn&quot;}\" data-widget_type=\"button.default\">\n\t\t\t\t<div class=\"elementor-widget-container\">\n\t\t\t\t\t<div class=\"elementor-button-wrapper\">\n\t\t\t<a href=\"http:\/\/pyxans.com\/index.php\/contact\/\" class=\"elementor-button-link elementor-button elementor-size-xs\" role=\"button\" id=\"bouton_classic\">\n\t\t\t\t\t\t<span class=\"elementor-button-content-wrapper\">\n\t\t\t\t\t\t\t<span class=\"elementor-button-icon elementor-align-icon-right\">\n\t\t\t\t<i aria-hidden=\"true\" class=\"fas fa-phone-alt\"><\/i>\t\t\t<\/span>\n\t\t\t\t\t\t<span class=\"elementor-button-text\">Contactez-nous<\/span>\n\t\t<\/span>\n\t\t\t\t\t<\/a>\n\t\t<\/div>\n\t\t\t\t<\/div>\n\t\t\t\t<\/div>\n\t\t\t\t\t<\/div>\n\t\t<\/div>\n\t\t\t\t<div class=\"elementor-column elementor-col-50 elementor-top-column elementor-element elementor-element-22658647\" data-id=\"22658647\" data-element_type=\"column\">\n\t\t\t<div class=\"elementor-widget-wrap elementor-element-populated\">\n\t\t\t\t\t\t\t\t<div class=\"elementor-element elementor-element-380ae827 elementor-widget elementor-widget-image\" data-id=\"380ae827\" data-element_type=\"widget\" data-widget_type=\"image.default\">\n\t\t\t\t<div class=\"elementor-widget-container\">\n\t\t\t\t\t\t\t\t\t\t\t\t\t\t\t<img loading=\"lazy\" decoding=\"async\" width=\"747\" height=\"494\" src=\"https:\/\/pyxans.com\/wp-content\/uploads\/2023\/02\/Image5.png\" class=\"attachment-large size-large wp-image-1330\" alt=\"\" srcset=\"https:\/\/pyxans.com\/wp-content\/uploads\/2023\/02\/Image5.png 747w, https:\/\/pyxans.com\/wp-content\/uploads\/2023\/02\/Image5-300x198.png 300w, https:\/\/pyxans.com\/wp-content\/uploads\/2023\/02\/Image5-221x146.png 221w, https:\/\/pyxans.com\/wp-content\/uploads\/2023\/02\/Image5-50x33.png 50w, https:\/\/pyxans.com\/wp-content\/uploads\/2023\/02\/Image5-113x75.png 113w\" sizes=\"auto, (max-width: 747px) 100vw, 747px\" \/>\t\t\t\t\t\t\t\t\t\t\t\t\t\t\t<\/div>\n\t\t\t\t<\/div>\n\t\t\t\t\t<\/div>\n\t\t<\/div>\n\t\t\t\t\t\t\t<\/div>\n\t\t<\/section>\n\t\t\t\t<section class=\"elementor-section elementor-top-section elementor-element elementor-element-57d2bc3 elementor-section-boxed elementor-section-height-default elementor-section-height-default\" data-id=\"57d2bc3\" data-element_type=\"section\">\n\t\t\t\t\t\t<div class=\"elementor-container elementor-column-gap-default\">\n\t\t\t\t\t<div class=\"elementor-column elementor-col-100 elementor-top-column elementor-element elementor-element-6f60901\" data-id=\"6f60901\" data-element_type=\"column\">\n\t\t\t<div class=\"elementor-widget-wrap elementor-element-populated\">\n\t\t\t\t\t\t\t\t<div class=\"elementor-element elementor-element-e505904 elementor-widget elementor-widget-spacer\" data-id=\"e505904\" data-element_type=\"widget\" data-widget_type=\"spacer.default\">\n\t\t\t\t<div class=\"elementor-widget-container\">\n\t\t\t\t\t<div class=\"elementor-spacer\">\n\t\t\t<div class=\"elementor-spacer-inner\"><\/div>\n\t\t<\/div>\n\t\t\t\t<\/div>\n\t\t\t\t<\/div>\n\t\t\t\t\t<\/div>\n\t\t<\/div>\n\t\t\t\t\t\t\t<\/div>\n\t\t<\/section>\n\t\t\t\t<section class=\"elementor-section elementor-top-section elementor-element elementor-element-486abfd3 elementor-section-content-middle elementor-section-boxed elementor-section-height-default elementor-section-height-default\" data-id=\"486abfd3\" data-element_type=\"section\" data-settings=\"{&quot;background_background&quot;:&quot;classic&quot;}\">\n\t\t\t\t\t\t<div class=\"elementor-container elementor-column-gap-no\">\n\t\t\t\t\t<div class=\"elementor-column elementor-col-50 elementor-top-column elementor-element elementor-element-36165e8a\" data-id=\"36165e8a\" data-element_type=\"column\">\n\t\t\t<div class=\"elementor-widget-wrap elementor-element-populated\">\n\t\t\t\t\t\t\t\t<div class=\"elementor-element elementor-element-60c14a4 elementor-widget elementor-widget-image\" data-id=\"60c14a4\" data-element_type=\"widget\" data-widget_type=\"image.default\">\n\t\t\t\t<div class=\"elementor-widget-container\">\n\t\t\t\t\t\t\t\t\t\t\t\t\t\t\t<img loading=\"lazy\" decoding=\"async\" width=\"768\" height=\"513\" src=\"https:\/\/pyxans.com\/wp-content\/uploads\/2023\/02\/Image11-768x513.png\" class=\"attachment-medium_large size-medium_large wp-image-1348\" alt=\"\" srcset=\"https:\/\/pyxans.com\/wp-content\/uploads\/2023\/02\/Image11-768x513.png 768w, https:\/\/pyxans.com\/wp-content\/uploads\/2023\/02\/Image11-300x200.png 300w, https:\/\/pyxans.com\/wp-content\/uploads\/2023\/02\/Image11-219x146.png 219w, https:\/\/pyxans.com\/wp-content\/uploads\/2023\/02\/Image11-50x33.png 50w, https:\/\/pyxans.com\/wp-content\/uploads\/2023\/02\/Image11-112x75.png 112w, https:\/\/pyxans.com\/wp-content\/uploads\/2023\/02\/Image11.png 903w\" sizes=\"auto, (max-width: 768px) 100vw, 768px\" \/>\t\t\t\t\t\t\t\t\t\t\t\t\t\t\t<\/div>\n\t\t\t\t<\/div>\n\t\t\t\t\t<\/div>\n\t\t<\/div>\n\t\t\t\t<div class=\"elementor-column elementor-col-50 elementor-top-column elementor-element elementor-element-6907f923\" data-id=\"6907f923\" data-element_type=\"column\">\n\t\t\t<div class=\"elementor-widget-wrap elementor-element-populated\">\n\t\t\t\t\t\t\t\t<div class=\"elementor-element elementor-element-59e85e5a elementor-widget elementor-widget-heading\" data-id=\"59e85e5a\" data-element_type=\"widget\" data-widget_type=\"heading.default\">\n\t\t\t\t<div class=\"elementor-widget-container\">\n\t\t\t<h3 class=\"elementor-heading-title elementor-size-default\">Aidez-nous \u00e0 lancer le Legalbot Pyxans<\/h3>\t\t<\/div>\n\t\t\t\t<\/div>\n\t\t\t\t<div class=\"elementor-element elementor-element-a15c3f4 elementor-widget elementor-widget-text-editor\" data-id=\"a15c3f4\" data-element_type=\"widget\" data-widget_type=\"text-editor.default\">\n\t\t\t\t<div class=\"elementor-widget-container\">\n\t\t\t\t\t\t\t<p>Le Legalbot Pyxans est l&#8217;un des deux projets laur\u00e9ats de l&#8217;Incubateur du Barreau de Paris.\u00a0<\/p><p>Nous travaillons actuellement avec toute une \u00e9quipe pour d\u00e9velopper et lancer cet outil unique en son genre.\u00a0\u00a0<\/p>\t\t\t\t\t\t<\/div>\n\t\t\t\t<\/div>\n\t\t\t\t<div class=\"elementor-element elementor-element-1dd1a52 elementor-align-center animated-slow elementor-invisible elementor-widget elementor-widget-button\" data-id=\"1dd1a52\" data-element_type=\"widget\" data-settings=\"{&quot;_animation&quot;:&quot;fadeIn&quot;}\" data-widget_type=\"button.default\">\n\t\t\t\t<div class=\"elementor-widget-container\">\n\t\t\t\t\t<div class=\"elementor-button-wrapper\">\n\t\t\t<a href=\"https:\/\/docs.google.com\/forms\/d\/e\/1FAIpQLSeiR6NzVmrmuXe_NHXYRA2_Zy_Nsk0pz2vXps8Vg683Eunvww\/viewform?usp=sf_link\" target=\"_blank\" class=\"elementor-button-link elementor-button elementor-size-xs\" role=\"button\" id=\"bouton_classic\">\n\t\t\t\t\t\t<span class=\"elementor-button-content-wrapper\">\n\t\t\t\t\t\t\t<span class=\"elementor-button-icon elementor-align-icon-right\">\n\t\t\t\t<svg xmlns=\"http:\/\/www.w3.org\/2000\/svg\" xmlns:xlink=\"http:\/\/www.w3.org\/1999\/xlink\" width=\"1024\" viewBox=\"0 0 768 767.999994\" height=\"1024\" preserveAspectRatio=\"xMidYMid meet\"><defs><clipPath id=\"31ea2d1ccf\"><path d=\"M 1.035156 63 L 766.785156 63 L 766.785156 714.714844 L 1.035156 714.714844 Z M 1.035156 63 \" clip-rule=\"nonzero\"><\/path><\/clipPath><\/defs><g clip-path=\"url(#31ea2d1ccf)\"><path fill=\"#ffffff\" d=\"M 575.347656 504.417969 C 575.347656 536.171875 549.652344 561.871094 517.902344 561.871094 C 486.222656 561.871094 460.527344 536.171875 460.527344 504.417969 C 460.527344 472.667969 486.222656 446.964844 517.902344 446.964844 C 549.652344 446.964844 575.347656 472.667969 575.347656 504.417969 Z M 307.363281 504.417969 C 307.363281 536.171875 281.597656 561.871094 249.917969 561.871094 C 218.171875 561.871094 192.472656 536.171875 192.472656 504.417969 C 192.472656 472.667969 218.171875 446.964844 249.917969 446.964844 C 281.597656 446.964844 307.363281 472.667969 307.363281 504.417969 Z M 651.964844 600.152344 C 651.894531 642.441406 617.632812 676.710938 575.347656 676.710938 L 192.472656 676.710938 C 150.1875 676.710938 115.925781 642.441406 115.925781 600.152344 L 115.925781 408.6875 C 115.925781 366.394531 150.1875 332.128906 192.472656 332.058594 L 575.347656 332.058594 C 617.632812 332.128906 651.894531 366.394531 651.964844 408.6875 Z M 709.339844 446.964844 L 690.171875 446.964844 L 690.171875 408.6875 C 690.171875 345.25 638.777344 293.78125 575.347656 293.78125 L 422.183594 293.78125 L 422.183594 206.617188 C 458.828125 185.46875 471.402344 138.625 450.195312 101.976562 C 429.050781 65.328125 382.28125 52.820312 345.636719 73.964844 C 308.996094 95.109375 296.417969 141.957031 317.628906 178.535156 C 324.289062 190.230469 334.011719 199.882812 345.636719 206.617188 L 345.636719 293.78125 L 192.472656 293.78125 C 129.046875 293.78125 77.582031 345.25 77.582031 408.6875 L 77.582031 446.964844 L 58.480469 446.964844 C 26.734375 446.964844 1.035156 472.667969 1.035156 504.417969 C 1.035156 536.171875 26.734375 561.871094 58.480469 561.871094 L 77.582031 561.871094 L 77.582031 600.152344 C 77.582031 663.585938 129.046875 715.058594 192.472656 715.058594 L 575.347656 715.058594 C 638.777344 715.058594 690.171875 663.585938 690.171875 600.152344 L 690.171875 561.871094 L 709.339844 561.871094 C 741.089844 561.871094 766.785156 536.171875 766.785156 504.417969 C 766.785156 472.667969 741.089844 446.964844 709.339844 446.964844 \" fill-opacity=\"1\" fill-rule=\"nonzero\"><\/path><\/g><\/svg>\t\t\t<\/span>\n\t\t\t\t\t\t<span class=\"elementor-button-text\">R\u00e9pondez \u00e0 notre sondage <\/span>\n\t\t<\/span>\n\t\t\t\t\t<\/a>\n\t\t<\/div>\n\t\t\t\t<\/div>\n\t\t\t\t<\/div>\n\t\t\t\t\t<\/div>\n\t\t<\/div>\n\t\t\t\t\t\t\t<\/div>\n\t\t<\/section>\n\t\t\t\t<section class=\"elementor-section elementor-top-section elementor-element elementor-element-cf3e24b elementor-section-boxed elementor-section-height-default elementor-section-height-default\" data-id=\"cf3e24b\" data-element_type=\"section\">\n\t\t\t\t\t\t<div class=\"elementor-container elementor-column-gap-default\">\n\t\t\t\t\t<div class=\"elementor-column elementor-col-100 elementor-top-column elementor-element elementor-element-9fa6d04\" data-id=\"9fa6d04\" data-element_type=\"column\">\n\t\t\t<div class=\"elementor-widget-wrap elementor-element-populated\">\n\t\t\t\t\t\t\t\t<div class=\"elementor-element elementor-element-5ef8f41 elementor-widget elementor-widget-spacer\" data-id=\"5ef8f41\" data-element_type=\"widget\" data-widget_type=\"spacer.default\">\n\t\t\t\t<div class=\"elementor-widget-container\">\n\t\t\t\t\t<div class=\"elementor-spacer\">\n\t\t\t<div class=\"elementor-spacer-inner\"><\/div>\n\t\t<\/div>\n\t\t\t\t<\/div>\n\t\t\t\t<\/div>\n\t\t\t\t\t<\/div>\n\t\t<\/div>\n\t\t\t\t\t\t\t<\/div>\n\t\t<\/section>\n\t\t\t\t<section class=\"elementor-section elementor-top-section elementor-element elementor-element-44038af elementor-section-content-middle elementor-section-boxed elementor-section-height-default elementor-section-height-default\" data-id=\"44038af\" data-element_type=\"section\" data-settings=\"{&quot;background_background&quot;:&quot;classic&quot;}\">\n\t\t\t\t\t\t<div class=\"elementor-container elementor-column-gap-no\">\n\t\t\t\t\t<div class=\"elementor-column elementor-col-50 elementor-top-column elementor-element elementor-element-a9c4b7b\" data-id=\"a9c4b7b\" data-element_type=\"column\">\n\t\t\t<div class=\"elementor-widget-wrap elementor-element-populated\">\n\t\t\t\t\t\t\t\t<div class=\"elementor-element elementor-element-1d1a27e elementor-widget elementor-widget-heading\" data-id=\"1d1a27e\" data-element_type=\"widget\" data-widget_type=\"heading.default\">\n\t\t\t\t<div class=\"elementor-widget-container\">\n\t\t\t<h1 class=\"elementor-heading-title elementor-size-default\">Restez inform\u00e9 de la sortie de notre Legalbot<\/h1>\t\t<\/div>\n\t\t\t\t<\/div>\n\t\t\t\t<div class=\"elementor-element elementor-element-9fd4494 elementor-widget elementor-widget-text-editor\" data-id=\"9fd4494\" data-element_type=\"widget\" data-widget_type=\"text-editor.default\">\n\t\t\t\t<div class=\"elementor-widget-container\">\n\t\t\t\t\t\t\t<p>Vous \u00eates int\u00e9ress\u00e9 par le projet ? Envoyez-nous un message afin d&#8217;\u00eatre inform\u00e9 en avant-premi\u00e8re du lancement.<\/p>\t\t\t\t\t\t<\/div>\n\t\t\t\t<\/div>\n\t\t\t\t<div class=\"elementor-element elementor-element-9d428b1 elementor-align-center animated-slow elementor-invisible elementor-widget elementor-widget-button\" data-id=\"9d428b1\" data-element_type=\"widget\" data-settings=\"{&quot;_animation&quot;:&quot;fadeIn&quot;}\" data-widget_type=\"button.default\">\n\t\t\t\t<div class=\"elementor-widget-container\">\n\t\t\t\t\t<div class=\"elementor-button-wrapper\">\n\t\t\t<a href=\"http:\/\/pyxans.com\/index.php\/contact\/\" class=\"elementor-button-link elementor-button elementor-size-xs\" role=\"button\" id=\"bouton_classic\">\n\t\t\t\t\t\t<span class=\"elementor-button-content-wrapper\">\n\t\t\t\t\t\t\t<span class=\"elementor-button-icon elementor-align-icon-right\">\n\t\t\t\t<i aria-hidden=\"true\" class=\"fas fa-phone-alt\"><\/i>\t\t\t<\/span>\n\t\t\t\t\t\t<span class=\"elementor-button-text\">Contactez-nous<\/span>\n\t\t<\/span>\n\t\t\t\t\t<\/a>\n\t\t<\/div>\n\t\t\t\t<\/div>\n\t\t\t\t<\/div>\n\t\t\t\t\t<\/div>\n\t\t<\/div>\n\t\t\t\t<div class=\"elementor-column elementor-col-50 elementor-top-column elementor-element elementor-element-688095f\" data-id=\"688095f\" data-element_type=\"column\">\n\t\t\t<div class=\"elementor-widget-wrap elementor-element-populated\">\n\t\t\t\t\t\t\t\t<div class=\"elementor-element elementor-element-a89300b elementor-widget elementor-widget-image\" data-id=\"a89300b\" data-element_type=\"widget\" data-widget_type=\"image.default\">\n\t\t\t\t<div class=\"elementor-widget-container\">\n\t\t\t\t\t\t\t\t\t\t\t\t\t\t\t<img loading=\"lazy\" decoding=\"async\" width=\"768\" height=\"431\" src=\"https:\/\/pyxans.com\/wp-content\/uploads\/2023\/02\/Image9-768x431.png\" class=\"attachment-medium_large size-medium_large wp-image-1352\" alt=\"\" srcset=\"https:\/\/pyxans.com\/wp-content\/uploads\/2023\/02\/Image9-768x431.png 768w, https:\/\/pyxans.com\/wp-content\/uploads\/2023\/02\/Image9-300x168.png 300w, https:\/\/pyxans.com\/wp-content\/uploads\/2023\/02\/Image9-260x146.png 260w, https:\/\/pyxans.com\/wp-content\/uploads\/2023\/02\/Image9-50x28.png 50w, https:\/\/pyxans.com\/wp-content\/uploads\/2023\/02\/Image9-134x75.png 134w, https:\/\/pyxans.com\/wp-content\/uploads\/2023\/02\/Image9.png 884w\" sizes=\"auto, (max-width: 768px) 100vw, 768px\" \/>\t\t\t\t\t\t\t\t\t\t\t\t\t\t\t<\/div>\n\t\t\t\t<\/div>\n\t\t\t\t\t<\/div>\n\t\t<\/div>\n\t\t\t\t\t\t\t<\/div>\n\t\t<\/section>\n\t\t\t\t<section class=\"elementor-section elementor-top-section elementor-element elementor-element-96ba402 elementor-section-boxed elementor-section-height-default elementor-section-height-default\" data-id=\"96ba402\" data-element_type=\"section\">\n\t\t\t\t\t\t<div class=\"elementor-container elementor-column-gap-default\">\n\t\t\t\t\t<div class=\"elementor-column elementor-col-100 elementor-top-column elementor-element elementor-element-1c850c2\" data-id=\"1c850c2\" data-element_type=\"column\">\n\t\t\t<div class=\"elementor-widget-wrap elementor-element-populated\">\n\t\t\t\t\t\t\t\t<div class=\"elementor-element elementor-element-c3fadd4 elementor-widget elementor-widget-spacer\" data-id=\"c3fadd4\" data-element_type=\"widget\" data-widget_type=\"spacer.default\">\n\t\t\t\t<div class=\"elementor-widget-container\">\n\t\t\t\t\t<div class=\"elementor-spacer\">\n\t\t\t<div class=\"elementor-spacer-inner\"><\/div>\n\t\t<\/div>\n\t\t\t\t<\/div>\n\t\t\t\t<\/div>\n\t\t\t\t\t<\/div>\n\t\t<\/div>\n\t\t\t\t\t\t\t<\/div>\n\t\t<\/section>\n\t\t\t\t<section class=\"elementor-section elementor-top-section elementor-element elementor-element-4ed67800 elementor-section-height-min-height elementor-section-content-middle elementor-section-full_width elementor-section-height-default elementor-section-items-middle\" data-id=\"4ed67800\" data-element_type=\"section\" data-settings=\"{&quot;background_background&quot;:&quot;gradient&quot;}\">\n\t\t\t\t\t\t<div class=\"elementor-container elementor-column-gap-no\">\n\t\t\t\t\t<div class=\"elementor-column elementor-col-100 elementor-top-column elementor-element elementor-element-20836bce\" data-id=\"20836bce\" data-element_type=\"column\">\n\t\t\t<div class=\"elementor-widget-wrap elementor-element-populated\">\n\t\t\t\t\t\t\t\t<div class=\"elementor-element elementor-element-157f0d26 elementor-widget elementor-widget-heading\" data-id=\"157f0d26\" data-element_type=\"widget\" data-widget_type=\"heading.default\">\n\t\t\t\t<div class=\"elementor-widget-container\">\n\t\t\t<p class=\"elementor-heading-title elementor-size-default\">\u00a9 2026 All Rights Reserved.<\/p>\t\t<\/div>\n\t\t\t\t<\/div>\n\t\t\t\t\t<\/div>\n\t\t<\/div>\n\t\t\t\t\t\t\t<\/div>\n\t\t<\/section>\n\t\t\t\t\t\t\t<\/div>\n\t\t","protected":false},"excerpt":{"rendered":"<p>Le Legalbot Pyxans, un outil digital de diagnostique juridique \u00e0 destination des entrepreneurs<\/p>\n","protected":false},"author":1,"featured_media":0,"parent":0,"menu_order":0,"comment_status":"closed","ping_status":"closed","template":"","meta":{"om_disable_all_campaigns":false,"_monsterinsights_skip_tracking":false,"_monsterinsights_sitenote_active":false,"_monsterinsights_sitenote_note":"","_monsterinsights_sitenote_category":0,"footnotes":""},"class_list":["post-10","page","type-page","status-publish","hentry"],"aioseo_notices":[],"_links":{"self":[{"href":"https:\/\/pyxans.com\/index.php\/wp-json\/wp\/v2\/pages\/10","targetHints":{"allow":["GET"]}}],"collection":[{"href":"https:\/\/pyxans.com\/index.php\/wp-json\/wp\/v2\/pages"}],"about":[{"href":"https:\/\/pyxans.com\/index.php\/wp-json\/wp\/v2\/types\/page"}],"author":[{"embeddable":true,"href":"https:\/\/pyxans.com\/index.php\/wp-json\/wp\/v2\/users\/1"}],"replies":[{"embeddable":true,"href":"https:\/\/pyxans.com\/index.php\/wp-json\/wp\/v2\/comments?post=10"}],"version-history":[{"count":133,"href":"https:\/\/pyxans.com\/index.php\/wp-json\/wp\/v2\/pages\/10\/revisions"}],"predecessor-version":[{"id":1459,"href":"https:\/\/pyxans.com\/index.php\/wp-json\/wp\/v2\/pages\/10\/revisions\/1459"}],"wp:attachment":[{"href":"https:\/\/pyxans.com\/index.php\/wp-json\/wp\/v2\/media?parent=10"}],"curies":[{"name":"wp","href":"https:\/\/api.w.org\/{rel}","templated":true}]}}